{"id":93,"date":"2024-02-22T17:36:49","date_gmt":"2024-02-22T14:36:49","guid":{"rendered":"https:\/\/ncmrjournal.com.tr\/?page_id=93"},"modified":"2024-06-07T14:06:06","modified_gmt":"2024-06-07T11:06:06","slug":"editorial-board-2","status":"publish","type":"page","link":"https:\/\/ncmrjournal.com.tr\/index.php\/editorial-board-2\/","title":{"rendered":"Editorial Board"},"content":{"rendered":"<h2 class=\"card-title mt-3 mb-1\">Editor in Chief<\/h2>\n<p><b>Dr. Yener YAZ\u011eAN<\/b>, PhD, Kastamonu University, T\u00fcrkiye<\/p>\n<p><strong>E-mail: <\/strong>yyazgan@kastamonu.edu.tr<\/p>\n<p><strong>ORCID:<\/strong> <a href=\"https:\/\/orcid.org\/0000-0002-5613-6906\">0000-0002-5613-6906<\/a><\/p>\n<p>&nbsp;<\/p>\n<h2 class=\"card-title mt-3 mb-1\">Editors<\/h2>\n<p><b>Dr. Kenan YILDIZHAN<\/b>, PhD, Van Y\u00fcz\u00fcnc\u00fc Y\u0131l University, T\u00fcrkiye<\/p>\n<p><strong>E-mail: <\/strong>kenanyldzhan@gmail.com<\/p>\n<p><strong>ORCID:\u00a0<\/strong><a href=\"https:\/\/orcid.org\/0000-0002-6585-4010\">0000-0002-6585-4010<\/a><\/p>\n<p>&nbsp;<\/p>\n<p><b>Dr. K\u0131ymet K\u00fcbra T\u00dcFEKC\u0130<\/b>, PhD, Kastamonu University, T\u00fcrkiye<\/p>\n<p><strong>E-mail: <\/strong>kubrayurt55@gmail.com<\/p>\n<p><strong>ORCID: <\/strong><a href=\"https:\/\/orcid.org\/0000-0002-4722-3813\">0000-0002-4722-3813<\/a><\/p>\n<p>&nbsp;<\/p>\n<p><b>Dr. Bet\u00fcl YAZ\u011eAN<\/b>, Kastamonu University, T\u00fcrkiye<\/p>\n<p><strong>E-mail: <\/strong>betulyazgan@kastamonu.edu.tr<\/p>\n<p><strong>ORCID: <\/strong><a href=\"https:\/\/orcid.org\/0000-0002-4029-2007\">0000-0002-4029-2007<\/a><\/p>\n<p>&nbsp;<\/p>\n<h2 class=\"kt-blog-post__title kt-heading kt-heading--md kt-heading--medium dergipark\">Editorial Office<\/h2>\n<div class=\"j_board_desc\">\n<p><strong>Dr. Adem AHLATCI,<\/strong> PhD, Van Y\u00fcz\u00fcnc\u00fc Y\u0131l University, T\u00fcrkiye<\/p>\n<\/div>\n<p><strong>E-mail: <\/strong>ademahlatci@gmail.com<\/p>\n<p><strong>ORCID:<\/strong><a href=\"https:\/\/orcid.org\/0000-0002-5109-2000\">0000-0002-5109-2000<\/a><\/p>\n<p>&nbsp;<\/p>\n<h2>Editorial Board<\/h2>\n<p><b>Dr. Ertu\u011frul KILI\u00c7<\/b>, \u0130stanbul Medeniyet University, T\u00fcrkiye<\/p>\n<p><b>Dr. Denis ROUSSEAU<\/b>, PhD, Joseph Fourier University, France<\/p>\n<p><strong>Dr. Mustafa NAZIRO\u011eLU<\/strong>, PhD, S\u00fcleyman Demirel University, T\u00fcrkiye<\/p>\n<p><b>Dr. Ramazan BAL<\/b>, PhD, Gaziantep University, T\u00fcrkiye<\/p>\n<p><b>Dr. S\u00fcleyman KAPLAN<\/b>, <span lang=\"en-us\" xml:lang=\"en-us\">Ondokuz May\u0131s Univesity<\/span><span lang=\"en-us\" xml:lang=\"en-us\">, T\u00fcrkiye<\/span><\/p>\n<p>&nbsp;<\/p>\n<h2>Advisory Board<\/h2>\n<p><strong>Dr. Ana Nogueira Freitas PEIGNEUR, <\/strong>Laboratory of ion channel research<em><strong>,\u00a0<\/strong><\/em>Belgium<\/p>\n<p><b>Dr. Abdalla Ahmed ELAMIN<\/b>, PhD, RAK Medical and Health Sciences University, UAE<\/p>\n<p><strong>Dr. H\u00fclya BAYIR, <\/strong>Columbia University, New York, USA<\/p>\n<p><strong>Dr. Hosam Eldeen Mohammed, <\/strong>Warwick University, Warwick, UK<\/p>\n<p><strong>Dr. Marco CANEPARI, <\/strong>Grenoble Alpes University, <span lang=\"en-US\">France<\/span><\/p>\n<p><strong>Dr. Salina MUHAMAD, <\/strong>Selangor (UNISEL) University, Malaysia<\/p>\n<p><strong>Dr. Xinhua SHU, <\/strong>Glasgow Caledonian University, Glasgow, UK<\/p>\n<p>&nbsp;<\/p>\n<h2>English Language Editor<\/h2>\n<p><b>Dr. Aykut DEVECI<\/b>, PhD, Weill Cornell Medicine Feil Family Brain &amp; Mind Research Institute, New York, USA<\/p>\n<p><strong>E-mail: <\/strong>aykut.tr@live.fr<\/p>\n<p>&nbsp;<\/p>\n<h2 class=\"card-title mt-3 mb-1\">Statistics Editor<\/h2>\n<p><b>Dr. Funda \u00c7ATAN \u0130NAN<\/b>, PhD, Bilecik \u015eeyh Edebali University, T\u00fcrkiye<\/p>\n","protected":false},"excerpt":{"rendered":"<p>Editor in Chief Dr. Yener YAZ\u011eAN, PhD, Kastamonu University, T\u00fcrkiye E-mail: yyazgan@kastamonu.edu.tr ORCID: 0000-0002-5613-6906 &nbsp; Editors Dr. Kenan YILDIZHAN, PhD, Van Y\u00fcz\u00fcnc\u00fc Y\u0131l University, T\u00fcrkiye E-mail: kenanyldzhan@gmail.com ORCID:\u00a00000-0002-6585-4010 &nbsp; Dr. K\u0131ymet K\u00fcbra T\u00dcFEKC\u0130, PhD, Kastamonu University, T\u00fcrkiye E-mail: kubrayurt55@gmail.com ORCID: 0000-0002-4722-3813 &nbsp; Dr. Bet\u00fcl YAZ\u011eAN, <a class=\"more-link\" href=\"https:\/\/ncmrjournal.com.tr\/index.php\/editorial-board-2\/\">Read More &#8230;<\/a><\/p>\n","protected":false},"author":1,"featured_media":0,"parent":0,"menu_order":0,"comment_status":"closed","ping_status":"closed","template":"","meta":{"footnotes":""},"class_list":["post-93","page","type-page","status-publish","hentry"],"_links":{"self":[{"href":"https:\/\/ncmrjournal.com.tr\/index.php\/wp-json\/wp\/v2\/pages\/93","targetHints":{"allow":["GET"]}}],"collection":[{"href":"https:\/\/ncmrjournal.com.tr\/index.php\/wp-json\/wp\/v2\/pages"}],"about":[{"href":"https:\/\/ncmrjournal.com.tr\/index.php\/wp-json\/wp\/v2\/types\/page"}],"author":[{"embeddable":true,"href":"https:\/\/ncmrjournal.com.tr\/index.php\/wp-json\/wp\/v2\/users\/1"}],"replies":[{"embeddable":true,"href":"https:\/\/ncmrjournal.com.tr\/index.php\/wp-json\/wp\/v2\/comments?post=93"}],"version-history":[{"count":11,"href":"https:\/\/ncmrjournal.com.tr\/index.php\/wp-json\/wp\/v2\/pages\/93\/revisions"}],"predecessor-version":[{"id":414,"href":"https:\/\/ncmrjournal.com.tr\/index.php\/wp-json\/wp\/v2\/pages\/93\/revisions\/414"}],"wp:attachment":[{"href":"https:\/\/ncmrjournal.com.tr\/index.php\/wp-json\/wp\/v2\/media?parent=93"}],"curies":[{"name":"wp","href":"https:\/\/api.w.org\/{rel}","templated":true}]}}