{"id":700,"date":"2026-04-25T15:09:10","date_gmt":"2026-04-25T12:09:10","guid":{"rendered":"https:\/\/ncmrjournal.com.tr\/?page_id=700"},"modified":"2026-04-29T19:45:26","modified_gmt":"2026-04-29T16:45:26","slug":"vol-3-no-1","status":"publish","type":"page","link":"https:\/\/ncmrjournal.com.tr\/index.php\/vol-3-no-1\/","title":{"rendered":"Vol 3 No 1"},"content":{"rendered":"<h3>Volume 03, No 01 (2026): NCMR\u00a0April\u00a02026<\/h3>\n<p>&nbsp;<\/p>\n<h3><\/h3>\n<h3>Cover and Contents<\/h3>\n<p><a href=\"https:\/\/ncmrjournal.com.tr\/wp-content\/uploads\/2026\/04\/ncmr-vol-3.1.0.pdf\"><strong>PDF<\/strong><\/a><\/p>\n<h1>Research Article<\/h1>\n<h5 class=\"title\">Factors Associated with Blood Donation Behavior Among Medical Students: A Cross-Sectional Study<\/h5>\n<p><strong>Furkan Bak\u0131rhan, Ferit Kaya<\/strong><\/p>\n<p><strong><em>DOI: <a href=\"https:\/\/doi.org\/10.66588\/NCMR.v3i1.1\">https:\/\/doi.org\/10.66588\/NCMR.v3i1.1<\/a><\/em><\/strong><\/p>\n<p><strong><em>Page; 1-12\u00a0 \u00a0<\/em><\/strong>\u00a0 <a href=\"https:\/\/ncmrjournal.com.tr\/wp-content\/uploads\/2026\/04\/ncmr-vol-3.1.1.pdf\"><strong>PDF<\/strong><\/a><\/p>\n<p>&nbsp;<\/p>\n<h5>Melatonin Reverses Bupivacaine-Induced Cardiotoxicity in Human Cardiomyocytes by Attenuating TRPV1-Mediated Apoptosis, ROS Production, and Mitochondrial Depolarization<\/h5>\n<p><strong>Ey\u00fcp Aydo\u011fan, \u0130shak Suat \u00d6vey, O\u011fuz Karahan<\/strong><\/p>\n<p><strong><em>DOI: <a href=\"https:\/\/doi.org\/10.66588\/NCMR.v3i1.2\">https:\/\/doi.org\/10.66588\/NCMR.v3i1.2<\/a><\/em><\/strong><\/p>\n<p><strong><em>Page; 13-19\u00a0 \u00a0<\/em><\/strong>\u00a0 <a href=\"https:\/\/ncmrjournal.com.tr\/wp-content\/uploads\/2026\/04\/ncmr-vol-3.1.2.pdf\"><strong>PDF<\/strong><\/a><\/p>\n<p>&nbsp;<\/p>\n<h5>The Effect of Sinapic Acid on Oxidative Stress and Apoptosis in 4-Aminopyridine-Induced Neuronal Damage<\/h5>\n<p><strong>Esmanur Cig, Berrin Ustundag, Yunus Emre Arvas<\/strong><\/p>\n<p><strong><em>DOI: <a href=\"https:\/\/doi.org\/10.66588\/NCMR.v3i1.3\">https:\/\/doi.org\/10.66588\/NCMR.v3i1.3<\/a><\/em><\/strong><\/p>\n<p><strong><em>Page; 20-26\u00a0 \u00a0<\/em><\/strong>\u00a0 <a href=\"https:\/\/ncmrjournal.com.tr\/wp-content\/uploads\/2026\/04\/ncmr-vol-3.1.3.pdf\"><strong>PDF<\/strong><\/a><\/p>\n<p>&nbsp;<\/p>\n<h5>The Pathway from Skin to Liver: Psoriasis<\/h5>\n<p><strong>Ne\u015fe \u00c7\u00f6l\u00e7imen<\/strong><\/p>\n<p><strong><em>DOI: <a href=\"https:\/\/doi.org\/10.66588\/NCMR.v3i1.4\">https:\/\/doi.org\/10.66588\/NCMR.v3i1.4<\/a><\/em><\/strong><\/p>\n<p><strong><em>Page; 27-30\u00a0 \u00a0<\/em><\/strong>\u00a0<a href=\"https:\/\/ncmrjournal.com.tr\/wp-content\/uploads\/2026\/04\/ncmr-vol-3.1.4.pdf\"> <strong>PDF<\/strong><\/a><\/p>\n<p>&nbsp;<\/p>\n<h5>Combined Use of an MTA-Supported Apical Barrier and Warm Obturation in Maxillary Incisors with Large Periapical Lesions: A Case Report<\/h5>\n<p><strong>Hazal Faiz Arslanparcasi, Mehmet Ali Arslanparcasi <\/strong><\/p>\n<p><strong><em>DOI: <a href=\"https:\/\/doi.org\/10.66588\/NCMR.v3i1.5\">https:\/\/doi.org\/10.66588\/NCMR.v3i1.5<\/a><\/em><\/strong><\/p>\n<p><strong><em>Page; 31-35\u00a0 \u00a0<\/em><\/strong>\u00a0 <a href=\"https:\/\/ncmrjournal.com.tr\/wp-content\/uploads\/2026\/04\/ncmr-vol-3.1.5.pdf\"><strong>PDF<\/strong><\/a><\/p>\n","protected":false},"excerpt":{"rendered":"<p>Volume 03, No 01 (2026): NCMR\u00a0April\u00a02026 &nbsp; Cover and Contents PDF Research Article Factors Associated with Blood Donation Behavior Among Medical Students: A Cross-Sectional Study Furkan Bak\u0131rhan, Ferit Kaya DOI: https:\/\/doi.org\/10.66588\/NCMR.v3i1.1 Page; 1-12\u00a0 \u00a0\u00a0 PDF &nbsp; Melatonin Reverses Bupivacaine-Induced Cardiotoxicity in Human Cardiomyocytes by Attenuating <a class=\"more-link\" href=\"https:\/\/ncmrjournal.com.tr\/index.php\/vol-3-no-1\/\">Read More &#8230;<\/a><\/p>\n","protected":false},"author":1,"featured_media":0,"parent":0,"menu_order":0,"comment_status":"closed","ping_status":"closed","template":"","meta":{"footnotes":""},"class_list":["post-700","page","type-page","status-publish","hentry"],"_links":{"self":[{"href":"https:\/\/ncmrjournal.com.tr\/index.php\/wp-json\/wp\/v2\/pages\/700","targetHints":{"allow":["GET"]}}],"collection":[{"href":"https:\/\/ncmrjournal.com.tr\/index.php\/wp-json\/wp\/v2\/pages"}],"about":[{"href":"https:\/\/ncmrjournal.com.tr\/index.php\/wp-json\/wp\/v2\/types\/page"}],"author":[{"embeddable":true,"href":"https:\/\/ncmrjournal.com.tr\/index.php\/wp-json\/wp\/v2\/users\/1"}],"replies":[{"embeddable":true,"href":"https:\/\/ncmrjournal.com.tr\/index.php\/wp-json\/wp\/v2\/comments?post=700"}],"version-history":[{"count":8,"href":"https:\/\/ncmrjournal.com.tr\/index.php\/wp-json\/wp\/v2\/pages\/700\/revisions"}],"predecessor-version":[{"id":715,"href":"https:\/\/ncmrjournal.com.tr\/index.php\/wp-json\/wp\/v2\/pages\/700\/revisions\/715"}],"wp:attachment":[{"href":"https:\/\/ncmrjournal.com.tr\/index.php\/wp-json\/wp\/v2\/media?parent=700"}],"curies":[{"name":"wp","href":"https:\/\/api.w.org\/{rel}","templated":true}]}}