{"id":678,"date":"2025-12-29T22:24:09","date_gmt":"2025-12-29T19:24:09","guid":{"rendered":"https:\/\/ncmrjournal.com.tr\/?page_id=678"},"modified":"2025-12-30T20:33:40","modified_gmt":"2025-12-30T17:33:40","slug":"vol-2-no-3","status":"publish","type":"page","link":"https:\/\/ncmrjournal.com.tr\/index.php\/vol-2-no-3\/","title":{"rendered":"Vol 2 No 3"},"content":{"rendered":"<h3>Volume 02, No 03 (2025): NCMR\u00a0December\u00a02025<\/h3>\n<p>&nbsp;<\/p>\n<h3><\/h3>\n<h3>Cover and Contents<\/h3>\n<p><a href=\"https:\/\/ncmrjournal.com.tr\/wp-content\/uploads\/2025\/12\/ncmr-vol-2.3.0.pdf\"><strong>PDF<\/strong><\/a><\/p>\n<h1>Research Article<\/h1>\n<h5 class=\"title\">Anatomical\u00a0Appraisal of the Nasopalatine Canal in CT scans of normal Sudanese Individuals: A Cross Sectional Study<\/h5>\n<p><strong>Wagar Alaaeldin Dafalla, Rayan Abdalwahab Abdalkarim, Mohammed Issa Eltahir, Elriah Mohamed Elmasalmi, Mohamed Kheir Eltigani Awad Elkarim, Abdalla Ahmed Eldaw Elamin<\/strong><\/p>\n<p><strong><em>DOI: <a href=\"https:\/\/doi.org\/10.5281\/zenodo.18082377\">https:\/\/doi.org\/10.5281\/zenodo.18082377<\/a><\/em><\/strong><\/p>\n<p><strong><em>Page; 58-65\u00a0 \u00a0<\/em><\/strong>\u00a0 <a href=\"https:\/\/ncmrjournal.com.tr\/wp-content\/uploads\/2025\/12\/ncmr-vol-2.3.1.pdf\"><strong>PDF<\/strong><\/a><\/p>\n<p>&nbsp;<\/p>\n<h5>Effects of Pilates Exercise on Posture and Cervical Function in Individuals with Forward Head Posture: A Randomized Controlled Trial<\/h5>\n<p><strong>Yusuf Ya\u015fas\u0131n, Ertu\u011frul Safran, Ezgi \u0130rem Erya\u015far, \u00d6zlem G\u00fcng\u00f6r<\/strong><\/p>\n<p><strong><em>DOI: <a href=\"https:\/\/doi.org\/10.5281\/zenodo.18082643\">https:\/\/doi.org\/10.5281\/zenodo.18082643<\/a><\/em><\/strong><\/p>\n<p><strong><em>Page; 66-79\u00a0 \u00a0<\/em><\/strong>\u00a0 <a href=\"https:\/\/ncmrjournal.com.tr\/wp-content\/uploads\/2025\/12\/ncmr-vol-2.3.2.pdf\"><strong>PDF<\/strong><\/a><\/p>\n<p>&nbsp;<\/p>\n<h5>Mediator Variable Analysis with the Hayes Process Method: An Application in the Field of Health<\/h5>\n<p><strong>Mehmet S\u0131dd\u0131k \u00c7etinel, Sadi Elasan<\/strong><\/p>\n<p><strong><em>DOI: <a href=\"https:\/\/doi.org\/10.5281\/zenodo.18084340\">https:\/\/doi.org\/10.5281\/zenodo.18084340<\/a><\/em><\/strong><\/p>\n<p><strong><em>Page; 80-83\u00a0 \u00a0<\/em><\/strong>\u00a0 <a href=\"https:\/\/ncmrjournal.com.tr\/wp-content\/uploads\/2025\/12\/ncmr-vol-2.3.3.pdf\"><strong>PDF<\/strong><\/a><\/p>\n<p>&nbsp;<\/p>\n<h5>Bibliometric Analysis of Magnetic Resonance Imaging in Feline Anatomy from 2010 to 2024<\/h5>\n<p><strong>Mahmut Yard\u0131mc\u0131, Y\u0131ld\u0131r\u0131m \u00c7elik<\/strong><\/p>\n<p><strong><em>DOI: <a href=\"https:\/\/doi.org\/10.5281\/zenodo.18084559\">https:\/\/doi.org\/10.5281\/zenodo.18084559<\/a><\/em><\/strong><\/p>\n<p><strong><em>Page; 84-94\u00a0 \u00a0<\/em><\/strong>\u00a0<a href=\"https:\/\/ncmrjournal.com.tr\/wp-content\/uploads\/2025\/12\/ncmr-vol-2.3.4.pdf\"> <strong>PDF<\/strong><\/a><\/p>\n<p>&nbsp;<\/p>\n<h5>Antioxidant and Neuroprotective Effects of Xanthohumol in an in Vitro Model of Parkinson\u2019s Disease<\/h5>\n<p><strong>S\u0131d\u0131ka Gen\u00e7, Ali Taghizadehghalehjoughi, Esmanur Nigde, Kubra Karabulut, Yunus Emre Ayd\u0131n, Ozlem Utme, Rafig Gurbanov\u00a0<\/strong><\/p>\n<p><strong><em>DOI: <a href=\"https:\/\/doi.org\/10.5281\/zenodo.18084657\">https:\/\/doi.org\/10.5281\/zenodo.18084657<\/a><\/em><\/strong><\/p>\n<p><strong><em>Page; 95-101\u00a0 \u00a0<\/em><\/strong>\u00a0 <a href=\"https:\/\/ncmrjournal.com.tr\/wp-content\/uploads\/2025\/12\/ncmr-vol-2.3.5.pdf\"><strong>PDF<\/strong><\/a><\/p>\n","protected":false},"excerpt":{"rendered":"<p>Volume 02, No 03 (2025): NCMR\u00a0December\u00a02025 &nbsp; Cover and Contents PDF Research Article Anatomical\u00a0Appraisal of the Nasopalatine Canal in CT scans of normal Sudanese Individuals: A Cross Sectional Study Wagar Alaaeldin Dafalla, Rayan Abdalwahab Abdalkarim, Mohammed Issa Eltahir, Elriah Mohamed Elmasalmi, Mohamed Kheir Eltigani Awad <a class=\"more-link\" href=\"https:\/\/ncmrjournal.com.tr\/index.php\/vol-2-no-3\/\">Read More &#8230;<\/a><\/p>\n","protected":false},"author":1,"featured_media":0,"parent":0,"menu_order":0,"comment_status":"closed","ping_status":"closed","template":"","meta":{"footnotes":""},"class_list":["post-678","page","type-page","status-publish","hentry"],"_links":{"self":[{"href":"https:\/\/ncmrjournal.com.tr\/index.php\/wp-json\/wp\/v2\/pages\/678","targetHints":{"allow":["GET"]}}],"collection":[{"href":"https:\/\/ncmrjournal.com.tr\/index.php\/wp-json\/wp\/v2\/pages"}],"about":[{"href":"https:\/\/ncmrjournal.com.tr\/index.php\/wp-json\/wp\/v2\/types\/page"}],"author":[{"embeddable":true,"href":"https:\/\/ncmrjournal.com.tr\/index.php\/wp-json\/wp\/v2\/users\/1"}],"replies":[{"embeddable":true,"href":"https:\/\/ncmrjournal.com.tr\/index.php\/wp-json\/wp\/v2\/comments?post=678"}],"version-history":[{"count":11,"href":"https:\/\/ncmrjournal.com.tr\/index.php\/wp-json\/wp\/v2\/pages\/678\/revisions"}],"predecessor-version":[{"id":698,"href":"https:\/\/ncmrjournal.com.tr\/index.php\/wp-json\/wp\/v2\/pages\/678\/revisions\/698"}],"wp:attachment":[{"href":"https:\/\/ncmrjournal.com.tr\/index.php\/wp-json\/wp\/v2\/media?parent=678"}],"curies":[{"name":"wp","href":"https:\/\/api.w.org\/{rel}","templated":true}]}}