{"id":55,"date":"2024-02-22T16:51:15","date_gmt":"2024-02-22T13:51:15","guid":{"rendered":"https:\/\/ncmrjournal.com.tr\/?page_id=55"},"modified":"2025-09-18T15:00:01","modified_gmt":"2025-09-18T12:00:01","slug":"general-information","status":"publish","type":"page","link":"https:\/\/ncmrjournal.com.tr\/index.php\/general-information\/","title":{"rendered":"About Journal"},"content":{"rendered":"<p><strong>Neuro-Cell Molecular Research<\/strong><\/p>\n<p><strong>Publication Language:\u00a0<\/strong>English<\/p>\n<p><strong>Online ISSN;\u00a0<\/strong>3023-8358<\/p>\n<p><strong>Publication Period;\u00a0<\/strong>3\u00a0Issues Per Year (April, August, December)<\/p>\n<p><strong>Submission to first decision (median);\u00a0<\/strong>15 days<\/p>\n<p><strong>Start Date;\u00a0<\/strong>January, 2024<\/p>\n<p><strong>Publisher;\u00a0<\/strong>Neuro-Cell Molecular Research<\/p>\n<p><strong>E-mail:\u00a0<\/strong><a href=\"mailto:info@ncmrjournal.com.tr\">info@ncmrjournal.com.tr<\/a><\/p>\n<p><strong>Indexed and abstracted in;\u00a0<a href=\"https:\/\/europub.co.uk\/journals\/neuro-cell-molecular-research-J-31875\" target=\"_blank\" rel=\"noopener\">EuroPub<\/a>,\u00a0<a href=\"https:\/\/scholar.google.com\/\" target=\"_blank\" rel=\"noopener\">Google Scholar<\/a>,\u00a0<\/strong><strong><a href=\"https:\/\/journals.indexcopernicus.com\/search\/details?id=130769&amp;lang=en\" target=\"_blank\" rel=\"noopener\">Index Copernicus<\/a>,\u00a0<\/strong><strong><a href=\"https:\/\/jgatenext.com\/\" target=\"_blank\" rel=\"noopener\">J-Gate<\/a>,\u00a0<a href=\"https:\/\/explore.openaire.eu\/search\/publication?pid=10.5281%2Fzenodo.11652969\" target=\"_blank\" rel=\"noopener\">OpenAIRE<\/a>,\u00a0<a href=\"https:\/\/portal.issn.org\/resource\/ISSN\/3023-8358\" target=\"_blank\" rel=\"noopener\">ROAD<\/a>,\u00a0<a href=\"https:\/\/www.atifdizini.com\/journals?char=N&amp;index=15\" target=\"_blank\" rel=\"noopener\">T\u00fcrkiye Citation Index<\/a>,\u00a0<a href=\"https:\/\/zenodo.org\/communities\/neurocellmolres\/records?q=&amp;l=list&amp;p=1&amp;s=10&amp;sort=newest\" target=\"_blank\" rel=\"noopener\">Zenodo<\/a><\/strong><\/p>\n<h5><\/h5>\n<h5><strong>General Information<\/strong><\/h5>\n<p>Neuro-Cell Molecular Research aims to support scientific development and exchange information among readers, aiming to contribute to the announcement and sharing of current research presented to the scientific community.<\/p>\n<p>Neuro-Cell Molecular Research accepts original research articles, reviews, and case reports for publication and is an impartial, open-access, independent scientific journal scanned by international indexes. It evaluates submitted manuscripts through peer review and &#8220;double-blind&#8221; systems.<\/p>\n<p>All manuscripts to be published in Neuro-Cell Molecular Research are peer-reviewed without delay, and once the publication process is complete, they are published online for immediate access and citation.<\/p>\n<h5><strong>Aims and Scope \/ Target Population<\/strong><\/h5>\n<p>Thank you for considering submitting your work to Neuro-Cell Molecular Research. Established in 2024, Neuro-Cell Molecular Research is the research journal dedicated to publishing novel, impactful papers spanning basic to clinical metabolic research. We are interested in original research addressing the molecular mechanisms underlying physiological homeostasis and what goes awry in disease.<\/p>\n<p>Neuro-Cell Molecular Research publishes findings of unusual significance in any area of experimental biology, including but not limited to cell biology, molecular biology, biophysics, biochemistry, neuroscience, pharmacology, neuropharmacology, cancer, systems biology, signaling, and disease mechanisms and therapeutics.<\/p>\n<div>\n<h5><strong>Publ\u0131cat\u0131on Eth\u0131cs And Plag\u0131ar\u0131sm<\/strong><\/h5>\n<p>Publishing Board of Neuro-Cell Molecular Research complies with the criteria of the International Council of Medical Journal Editors (ICMJE), the World Association of Medical Editors (WAME) , and Committee on Publication Ethics (COPE). About plagiarism, we act based on flow charts and workflows determined in COPE.<\/p>\n<p>Ethics committee approval will be requested from the authors for all original research articles submitted.<\/p>\n<p>Submitted manuscript are checked for similarity or plagiarism. with the help of the free plagiarism programs given below URL addresses. (iThenticate\u00a0<a href=\"http:\/\/www.ithenticate.com\/\" target=\"_blank\" rel=\"noopener\">http:\/\/www.ithenticate.com<\/a>\/<\/p>\n<p>Acceptable similarity rates: Up to 4% for one-to-one similarity, Maximum 20% for total similarity.<\/p>\n<\/div>\n<div>\n<h5><strong>Price Policy<\/strong><\/h5>\n<p>No fee is charged from the author or institution under any name.<\/p>\n<p>Neuro-Cell Molecular Research; It does not charge any fees for article submission, evaluation and publication processes.<\/p>\n<\/div>\n","protected":false},"excerpt":{"rendered":"<p>Neuro-Cell Molecular Research Publication Language:\u00a0English Online ISSN;\u00a03023-8358 Publication Period;\u00a03\u00a0Issues Per Year (April, August, December) Submission to first decision (median);\u00a015 days Start Date;\u00a0January, 2024 Publisher;\u00a0Neuro-Cell Molecular Research E-mail:\u00a0info@ncmrjournal.com.tr Indexed and abstracted in;\u00a0EuroPub,\u00a0Google Scholar,\u00a0Index Copernicus,\u00a0J-Gate,\u00a0OpenAIRE,\u00a0ROAD,\u00a0T\u00fcrkiye Citation Index,\u00a0Zenodo General Information Neuro-Cell Molecular Research aims to support scientific development <a class=\"more-link\" href=\"https:\/\/ncmrjournal.com.tr\/index.php\/general-information\/\">Read More &#8230;<\/a><\/p>\n","protected":false},"author":1,"featured_media":0,"parent":0,"menu_order":0,"comment_status":"closed","ping_status":"closed","template":"","meta":{"footnotes":""},"class_list":["post-55","page","type-page","status-publish","hentry"],"_links":{"self":[{"href":"https:\/\/ncmrjournal.com.tr\/index.php\/wp-json\/wp\/v2\/pages\/55","targetHints":{"allow":["GET"]}}],"collection":[{"href":"https:\/\/ncmrjournal.com.tr\/index.php\/wp-json\/wp\/v2\/pages"}],"about":[{"href":"https:\/\/ncmrjournal.com.tr\/index.php\/wp-json\/wp\/v2\/types\/page"}],"author":[{"embeddable":true,"href":"https:\/\/ncmrjournal.com.tr\/index.php\/wp-json\/wp\/v2\/users\/1"}],"replies":[{"embeddable":true,"href":"https:\/\/ncmrjournal.com.tr\/index.php\/wp-json\/wp\/v2\/comments?post=55"}],"version-history":[{"count":24,"href":"https:\/\/ncmrjournal.com.tr\/index.php\/wp-json\/wp\/v2\/pages\/55\/revisions"}],"predecessor-version":[{"id":674,"href":"https:\/\/ncmrjournal.com.tr\/index.php\/wp-json\/wp\/v2\/pages\/55\/revisions\/674"}],"wp:attachment":[{"href":"https:\/\/ncmrjournal.com.tr\/index.php\/wp-json\/wp\/v2\/media?parent=55"}],"curies":[{"name":"wp","href":"https:\/\/api.w.org\/{rel}","templated":true}]}}