{"id":540,"date":"2024-12-22T18:02:36","date_gmt":"2024-12-22T15:02:36","guid":{"rendered":"https:\/\/ncmrjournal.com.tr\/?page_id=540"},"modified":"2024-12-30T19:06:05","modified_gmt":"2024-12-30T16:06:05","slug":"vol-1-no-3","status":"publish","type":"page","link":"https:\/\/ncmrjournal.com.tr\/index.php\/vol-1-no-3\/","title":{"rendered":"Vol 1 No 3"},"content":{"rendered":"<h3>Volume 01, No 03 (2024): NCMR December 2024<\/h3>\n<p>&nbsp;<\/p>\n<h3>Cover and Contents<\/h3>\n<p><a href=\"https:\/\/ncmrjournal.com.tr\/wp-content\/uploads\/2024\/12\/ncmr-vol-1.3.0.pdf\"><strong>PDF<\/strong><\/a><\/p>\n<h1>Research Article<\/h1>\n<h5 class=\"page_title\">The effect\u00a0<i>Eremurus spectabilis\u00a0<\/i>M. Bieb. on diethylnitrosamine-induced neurotoxicity in hippocampus (cornu ammonis) of rat<\/h5>\n<p><strong>\u00d6mer Faruk Kele\u015f, Abdulbaki Demir, Hac\u0131 Ahmet \u00c7i\u00e7ek, Kenan Y\u0131ld\u0131zhan, \u0130smail \u00c7elik<\/strong><\/p>\n<p><strong><em>DOI:\u00a0<a href=\"https:\/\/doi.org\/10.5281\/zenodo.14543899\">https:\/\/doi.org\/10.5281\/zenodo.14543899<\/a><\/em><\/strong><\/p>\n<p><strong><em>Page; 53-59\u00a0 \u00a0<\/em><\/strong>\u00a0 <a href=\"https:\/\/ncmrjournal.com.tr\/wp-content\/uploads\/2024\/12\/ncmr-vol-1.3.1.pdf\"><strong>PDF<\/strong><\/a><\/p>\n<p>&nbsp;<\/p>\n<h5>Protective effects of curcumin on the structure of the adrenal gland in diabetic rat model: A stereological, immunohistochemical and electron microscopic study<\/h5>\n<p><strong>Gamze Altun, Mahmut Ulubay, Elfide Gizem Bakirhan, Arife Ahsen Kaplan, K\u0131ymet K\u00fcbra T\u00fcfekci, Ay\u015fenur Kaya Mutlu, Mohamed K.E. Ahmed, Emrah K\u00fc\u00e7\u00fck, \u0130lknur Keskin, S\u00fcleyman Kaplan<\/strong><\/p>\n<p><strong><em>DOI:\u00a0<a href=\"https:\/\/doi.org\/10.5281\/zenodo.14552949\">https:\/\/doi.org\/10.5281\/zenodo.14552949<\/a><\/em><\/strong><\/p>\n<p><strong><em>Page; 60-73\u00a0 \u00a0<\/em><\/strong>\u00a0 <a href=\"https:\/\/ncmrjournal.com.tr\/wp-content\/uploads\/2024\/12\/ncmr-vol-1.3.2.pdf\"><strong>PDF<\/strong><\/a><\/p>\n<p>&nbsp;<\/p>\n<h5>Parametric measurements of the mastoid process and pneumatization levels in normal Sudanese population using computed tomography<\/h5>\n<p><strong>Rayan Abdalwahab Abdalkarim, Wagar Alaaeldin Dafalla, Mohammed Issa Eltahir, Elriah Mohamed Elmasalmi, Abdalla Ahmed Eldaw Elamin<\/strong><\/p>\n<p><strong><em>DOI:\u00a0<a href=\"https:\/\/doi.org\/10.5281\/zenodo.14557484\">https:\/\/doi.org\/10.5281\/zenodo.14557484<\/a><\/em><\/strong><\/p>\n<p><strong><em>Page; 74-81\u00a0 \u00a0<\/em><\/strong>\u00a0 <a href=\"https:\/\/ncmrjournal.com.tr\/wp-content\/uploads\/2024\/12\/ncmr-vol-1.3.3.pdf\"><strong>PDF<\/strong><\/a><\/p>\n<p>&nbsp;<\/p>\n<h5>TRPV1 channel-mediated apoptotic effects of <em>Liquidambar orientalis <\/em>Miller Gum on gastric cancer cell line<\/h5>\n<p><strong>\u0130rem Bilge Akay, Mehmet Yal\u00e7\u0131n G\u00fcnal, \u0130shak Suat \u00d6vey <\/strong><\/p>\n<p><strong><em>DOI:\u00a0<a href=\"https:\/\/doi.org\/10.5281\/zenodo.14557674\">https:\/\/doi.org\/10.5281\/zenodo.14557674<\/a><\/em><\/strong><\/p>\n<p><strong><em>Page; 82-88\u00a0 \u00a0<\/em><\/strong>\u00a0 <a href=\"https:\/\/ncmrjournal.com.tr\/wp-content\/uploads\/2024\/12\/ncmr-vol-1.3.4.pdf\"><strong>PDF<\/strong><\/a><\/p>\n<p>&nbsp;<\/p>\n<h5>Diagnostic accuracy of computed tomography in acute ischemic stroke: A retrospective evaluation of sensitivity, specificity, and time-dependent performance<\/h5>\n<p><strong>\u0130smail Ta\u015fkent<\/strong><\/p>\n<p><strong><em>DOI:\u00a0<a href=\"https:\/\/doi.org\/10.5281\/zenodo.14557798\">https:\/\/doi.org\/10.5281\/zenodo.14557798<\/a><\/em><\/strong><\/p>\n<p><strong><em>Page; 89-94\u00a0 \u00a0<\/em><\/strong>\u00a0 <a href=\"https:\/\/ncmrjournal.com.tr\/wp-content\/uploads\/2024\/12\/ncmr-vol-1.3.5.pdf\"><strong>PDF<\/strong><\/a><\/p>\n<p>&nbsp;<\/p>\n<h5>A bioinformatics approach to cuprizone model of multiple sclerosis: Focus on glial cells<\/h5>\n<p><strong>Ahmi \u00d6z<\/strong><\/p>\n<p><strong><em>DOI:\u00a0<a href=\"https:\/\/doi.org\/10.5281\/zenodo.14557832\">https:\/\/doi.org\/10.5281\/zenodo.14557832<\/a><\/em><\/strong><\/p>\n<p><strong><em>Page; 95-102\u00a0 \u00a0<\/em><\/strong>\u00a0 <a href=\"https:\/\/ncmrjournal.com.tr\/wp-content\/uploads\/2024\/12\/ncmr-vol-1.3.6.pdf\"><strong>PDF<\/strong><\/a><\/p>\n<p>&nbsp;<\/p>\n<h5>Assessment of the anterior loop of the inferior alveolar nerve among Sudanese patients using CBCT-Scan in Khartoum state<\/h5>\n<p><strong>Mohamed Kheir Eltigani Awad Elkarim, Reem Abdalkream Hassan Mohammed Ali, Hussein Omer Hamad Ahmad, Mohammed Issa Mohammed Eltahir, Abbas Gareeballah<\/strong><\/p>\n<p><strong><em>DOI:\u00a0<a href=\"https:\/\/doi.org\/10.5281\/zenodo.14575998\">https:\/\/doi.org\/10.5281\/zenodo.14575998<\/a><\/em><\/strong><\/p>\n<p><strong><em>Page; 103-108\u00a0 \u00a0<\/em><\/strong>\u00a0 <a href=\"https:\/\/ncmrjournal.com.tr\/wp-content\/uploads\/2024\/12\/ncmr-vol-1.3.7.pdf\"><strong>PDF<\/strong><\/a><\/p>\n<p>&nbsp;<\/p>\n","protected":false},"excerpt":{"rendered":"<p>Volume 01, No 03 (2024): NCMR December 2024 &nbsp; Cover and Contents PDF Research Article The effect\u00a0Eremurus spectabilis\u00a0M. Bieb. on diethylnitrosamine-induced neurotoxicity in hippocampus (cornu ammonis) of rat \u00d6mer Faruk Kele\u015f, Abdulbaki Demir, Hac\u0131 Ahmet \u00c7i\u00e7ek, Kenan Y\u0131ld\u0131zhan, \u0130smail \u00c7elik DOI:\u00a0https:\/\/doi.org\/10.5281\/zenodo.14543899 Page; 53-59\u00a0 \u00a0\u00a0 PDF <a class=\"more-link\" href=\"https:\/\/ncmrjournal.com.tr\/index.php\/vol-1-no-3\/\">Read More &#8230;<\/a><\/p>\n","protected":false},"author":1,"featured_media":0,"parent":0,"menu_order":0,"comment_status":"closed","ping_status":"closed","template":"","meta":{"footnotes":""},"class_list":["post-540","page","type-page","status-publish","hentry"],"_links":{"self":[{"href":"https:\/\/ncmrjournal.com.tr\/index.php\/wp-json\/wp\/v2\/pages\/540","targetHints":{"allow":["GET"]}}],"collection":[{"href":"https:\/\/ncmrjournal.com.tr\/index.php\/wp-json\/wp\/v2\/pages"}],"about":[{"href":"https:\/\/ncmrjournal.com.tr\/index.php\/wp-json\/wp\/v2\/types\/page"}],"author":[{"embeddable":true,"href":"https:\/\/ncmrjournal.com.tr\/index.php\/wp-json\/wp\/v2\/users\/1"}],"replies":[{"embeddable":true,"href":"https:\/\/ncmrjournal.com.tr\/index.php\/wp-json\/wp\/v2\/comments?post=540"}],"version-history":[{"count":35,"href":"https:\/\/ncmrjournal.com.tr\/index.php\/wp-json\/wp\/v2\/pages\/540\/revisions"}],"predecessor-version":[{"id":609,"href":"https:\/\/ncmrjournal.com.tr\/index.php\/wp-json\/wp\/v2\/pages\/540\/revisions\/609"}],"wp:attachment":[{"href":"https:\/\/ncmrjournal.com.tr\/index.php\/wp-json\/wp\/v2\/media?parent=540"}],"curies":[{"name":"wp","href":"https:\/\/api.w.org\/{rel}","templated":true}]}}