{"id":507,"date":"2024-08-31T18:17:10","date_gmt":"2024-08-31T15:17:10","guid":{"rendered":"https:\/\/ncmrjournal.com.tr\/?page_id=507"},"modified":"2024-12-22T19:21:12","modified_gmt":"2024-12-22T16:21:12","slug":"vol-2","status":"publish","type":"page","link":"https:\/\/ncmrjournal.com.tr\/index.php\/vol-2\/","title":{"rendered":"Vol 1 No 2"},"content":{"rendered":"<h3>Volume 01, No 02 (2024): NCMR August 2024<\/h3>\n<p>&nbsp;<\/p>\n<h3><a href=\"https:\/\/ncmrjournal.com.tr\/wp-content\/uploads\/2024\/08\/ncmr-vol-1.2.0.pdf\">Cover and Contents<\/a><\/h3>\n<p><a href=\"https:\/\/ncmrjournal.com.tr\/wp-content\/uploads\/2024\/08\/ncmr-vol-1.2.0.pdf\"><strong>PDF<\/strong><\/a><\/p>\n<h6>Research Article<\/h6>\n<h5><a href=\"https:\/\/ncmrjournal.com.tr\/index.php\/2024\/08\/31\/volume-1-2-1\/\" rel=\"noopener\">Evaluation of the relationship between cryptogenic epilepsy and <em>Toxoplasma gondii <\/em>infection: A meta-analysis <\/a><\/h5>\n<p><strong>Selahattin AYDEM\u0130R, Zeynep TA\u015e CENG\u0130Z, Z\u00fcbeyde KUL, Kenan KA\u00c7AK, Hasan YILMAZ<\/strong><\/p>\n<p><strong><em>Page; 35-39\u00a0 \u00a0<\/em><\/strong>\u00a0 <a href=\"https:\/\/ncmrjournal.com.tr\/wp-content\/uploads\/2024\/08\/ncmr-vol-1.2.1.pdf\" target=\"_blank\" rel=\"noopener\"><strong>PDF<\/strong><\/a><\/p>\n<p>&nbsp;<\/p>\n<h5><a href=\"https:\/\/ncmrjournal.com.tr\/index.php\/2024\/08\/31\/vol-3\/\" rel=\"noopener\">TRPM2 channel contribution to CdCI<sub>2<\/sub>-related neurotoxicity in SH-SY5Y cells: Protective role of selenium<\/a><\/h5>\n<p><strong>Ramazan \u00c7INAR, Adem AHLATCI<\/strong><\/p>\n<p><strong><em>Page; 40-46\u00a0 \u00a0<\/em><\/strong>\u00a0 <a href=\"https:\/\/ncmrjournal.com.tr\/wp-content\/uploads\/2024\/08\/vol-1.2.2.pdf\" target=\"_blank\" rel=\"noopener\"><strong>PDF<\/strong><\/a><\/p>\n<p>&nbsp;<\/p>\n<h5><a href=\"https:\/\/ncmrjournal.com.tr\/index.php\/2024\/08\/31\/volume-1-2-3\/\" rel=\"noopener\">Different morphological imaging techniques possible for neuroscience<\/a><\/h5>\n<p><strong>Muhammed Emre YUZER, B\u00fc\u015fra ZENCIRCI, Z\u00fcmr\u00fct DO\u011eAN<\/strong><\/p>\n<p><strong><em>Page; 47-52\u00a0 \u00a0<\/em><\/strong>\u00a0 <a href=\"https:\/\/ncmrjournal.com.tr\/wp-content\/uploads\/2024\/08\/ncmr-vol-1.2.3.pdf\" target=\"_blank\" rel=\"noopener\"><strong>PDF<\/strong><\/a><\/p>\n<p>&nbsp;<\/p>\n<p>&nbsp;<\/p>\n","protected":false},"excerpt":{"rendered":"<p>Volume 01, No 02 (2024): NCMR August 2024 &nbsp; Cover and Contents PDF Research Article Evaluation of the relationship between cryptogenic epilepsy and Toxoplasma gondii infection: A meta-analysis Selahattin AYDEM\u0130R, Zeynep TA\u015e CENG\u0130Z, Z\u00fcbeyde KUL, Kenan KA\u00c7AK, Hasan YILMAZ Page; 35-39\u00a0 \u00a0\u00a0 PDF &nbsp; TRPM2 <a class=\"more-link\" href=\"https:\/\/ncmrjournal.com.tr\/index.php\/vol-2\/\">Read More &#8230;<\/a><\/p>\n","protected":false},"author":1,"featured_media":0,"parent":0,"menu_order":0,"comment_status":"closed","ping_status":"closed","template":"","meta":{"footnotes":""},"class_list":["post-507","page","type-page","status-publish","hentry"],"_links":{"self":[{"href":"https:\/\/ncmrjournal.com.tr\/index.php\/wp-json\/wp\/v2\/pages\/507","targetHints":{"allow":["GET"]}}],"collection":[{"href":"https:\/\/ncmrjournal.com.tr\/index.php\/wp-json\/wp\/v2\/pages"}],"about":[{"href":"https:\/\/ncmrjournal.com.tr\/index.php\/wp-json\/wp\/v2\/types\/page"}],"author":[{"embeddable":true,"href":"https:\/\/ncmrjournal.com.tr\/index.php\/wp-json\/wp\/v2\/users\/1"}],"replies":[{"embeddable":true,"href":"https:\/\/ncmrjournal.com.tr\/index.php\/wp-json\/wp\/v2\/comments?post=507"}],"version-history":[{"count":4,"href":"https:\/\/ncmrjournal.com.tr\/index.php\/wp-json\/wp\/v2\/pages\/507\/revisions"}],"predecessor-version":[{"id":559,"href":"https:\/\/ncmrjournal.com.tr\/index.php\/wp-json\/wp\/v2\/pages\/507\/revisions\/559"}],"wp:attachment":[{"href":"https:\/\/ncmrjournal.com.tr\/index.php\/wp-json\/wp\/v2\/media?parent=507"}],"curies":[{"name":"wp","href":"https:\/\/api.w.org\/{rel}","templated":true}]}}