{"id":483,"date":"2024-06-22T10:12:17","date_gmt":"2024-06-22T07:12:17","guid":{"rendered":"https:\/\/ncmrjournal.com.tr\/?page_id=483"},"modified":"2024-06-22T10:19:54","modified_gmt":"2024-06-22T07:19:54","slug":"vol-1-no-1","status":"publish","type":"page","link":"https:\/\/ncmrjournal.com.tr\/index.php\/vol-1-no-1\/","title":{"rendered":"Vol 1 No 1"},"content":{"rendered":"<h3>Volume 01, No 01 (2024): NCMR May 2024<\/h3>\n<p>&nbsp;<\/p>\n<h3><a href=\"https:\/\/ncmrjournal.com.tr\/wp-content\/uploads\/2024\/06\/ncmr-vol-1.1.0.pdf\">Cover and Contents<\/a><\/h3>\n<p><a href=\"https:\/\/ncmrjournal.com.tr\/wp-content\/uploads\/2024\/06\/ncmr-vol-1.1.0.pdf\"><strong>PDF<\/strong><\/a><\/p>\n<h6>Research Article<\/h6>\n<h5><a href=\"https:\/\/ncmrjournal.com.tr\/index.php\/2024\/06\/01\/volume-1-1-1-ayku-m\/\" rel=\"noopener\">Bioinformatics analysis of the presence of Ca<sup>2+<\/sup> channels of <em>Acanthamoeba castellanii\u00a0<\/em><\/a><\/h5>\n<p><strong>Mehmet AYKUR<\/strong><\/p>\n<p><strong><em>Page; 1-6\u00a0 \u00a0<\/em><\/strong>\u00a0 <a href=\"https:\/\/ncmrjournal.com.tr\/wp-content\/uploads\/2024\/06\/ncmr-vol-1.1.1.pdf\" target=\"_blank\" rel=\"noopener\"><strong>PDF<\/strong><\/a><\/p>\n<p>&nbsp;<\/p>\n<h5><a href=\"https:\/\/ncmrjournal.com.tr\/index.php\/2024\/06\/01\/volume-1-1-2-ahlatci-a\/\" rel=\"noopener\">Investigation of the ameliorative effects of gallic acid against neurotoxicity caused by glutamate in C6 cells<\/a><em>\u00a0<\/em><\/h5>\n<p><strong>Adem AHLATCI<\/strong><\/p>\n<p><strong><em>Page; 7-13\u00a0 \u00a0<\/em><\/strong>\u00a0 <a href=\"https:\/\/ncmrjournal.com.tr\/wp-content\/uploads\/2024\/06\/ncmr-vol-1.1.2.pdf\" target=\"_blank\" rel=\"noopener\"><strong>PDF<\/strong><\/a><\/p>\n<p>&nbsp;<\/p>\n<h5><a href=\"https:\/\/ncmrjournal.com.tr\/index.php\/2024\/06\/01\/volume-1-1-3-dogan-z\/\" rel=\"noopener\">Investigation of the effects of Sugammadex and Rocuronium on rat lung tissue<\/a><\/h5>\n<p><strong>Zumrut DOGAN, Ebru ANNAC, Seda CET\u0130N, Oznur ULUDAG<\/strong><\/p>\n<p><strong><em>Page; 14-20\u00a0 \u00a0<\/em><\/strong>\u00a0 <a href=\"https:\/\/ncmrjournal.com.tr\/wp-content\/uploads\/2024\/06\/ncmr-vol-1.1.3.pdf\" target=\"_blank\" rel=\"noopener\"><strong>PDF<\/strong><\/a><\/p>\n<p>&nbsp;<\/p>\n<h6>Review Article<\/h6>\n<h5><a href=\"https:\/\/ncmrjournal.com.tr\/index.php\/2024\/06\/08\/vol\/\" rel=\"noopener\">The role of TRPM8 channels in oxidative stress<\/a><\/h5>\n<p><strong>Adem AHLATCI<\/strong><\/p>\n<p><strong><em>Page; 21-25\u00a0 \u00a0<\/em><\/strong>\u00a0 <a href=\"https:\/\/ncmrjournal.com.tr\/wp-content\/uploads\/2024\/06\/ncmr-vol-1.1.4.pdf\" target=\"_blank\" rel=\"noopener\"><strong>PDF<\/strong><\/a><\/p>\n<p>&nbsp;<\/p>\n<h5><a href=\"https:\/\/ncmrjournal.com.tr\/index.php\/2024\/05\/31\/vol-2\/\">Effects of estrogen on calcium signaling in molecular pathways of pain; Importance of TRPV1 cation channels<\/a><\/h5>\n<p><strong>Yener YAZ\u011eAN, Bet\u00fcl YAZ\u011eAN<\/strong><\/p>\n<p><strong><em>Page; 26-34\u00a0 <\/em><\/strong>\u00a0 <a href=\"https:\/\/ncmrjournal.com.tr\/wp-content\/uploads\/2024\/06\/ncmr-vol-1.1.5.pdf\" target=\"_blank\" rel=\"noopener\"><strong>PDF<\/strong><\/a><\/p>\n<p>&nbsp;<\/p>\n","protected":false},"excerpt":{"rendered":"<p>Volume 01, No 01 (2024): NCMR May 2024 &nbsp; Cover and Contents PDF Research Article Bioinformatics analysis of the presence of Ca2+ channels of Acanthamoeba castellanii\u00a0 Mehmet AYKUR Page; 1-6\u00a0 \u00a0\u00a0 PDF &nbsp; Investigation of the ameliorative effects of gallic acid against neurotoxicity caused by <a class=\"more-link\" href=\"https:\/\/ncmrjournal.com.tr\/index.php\/vol-1-no-1\/\">Read More &#8230;<\/a><\/p>\n","protected":false},"author":1,"featured_media":0,"parent":0,"menu_order":0,"comment_status":"closed","ping_status":"closed","template":"","meta":{"footnotes":""},"class_list":["post-483","page","type-page","status-publish","hentry"],"_links":{"self":[{"href":"https:\/\/ncmrjournal.com.tr\/index.php\/wp-json\/wp\/v2\/pages\/483","targetHints":{"allow":["GET"]}}],"collection":[{"href":"https:\/\/ncmrjournal.com.tr\/index.php\/wp-json\/wp\/v2\/pages"}],"about":[{"href":"https:\/\/ncmrjournal.com.tr\/index.php\/wp-json\/wp\/v2\/types\/page"}],"author":[{"embeddable":true,"href":"https:\/\/ncmrjournal.com.tr\/index.php\/wp-json\/wp\/v2\/users\/1"}],"replies":[{"embeddable":true,"href":"https:\/\/ncmrjournal.com.tr\/index.php\/wp-json\/wp\/v2\/comments?post=483"}],"version-history":[{"count":4,"href":"https:\/\/ncmrjournal.com.tr\/index.php\/wp-json\/wp\/v2\/pages\/483\/revisions"}],"predecessor-version":[{"id":490,"href":"https:\/\/ncmrjournal.com.tr\/index.php\/wp-json\/wp\/v2\/pages\/483\/revisions\/490"}],"wp:attachment":[{"href":"https:\/\/ncmrjournal.com.tr\/index.php\/wp-json\/wp\/v2\/media?parent=483"}],"curies":[{"name":"wp","href":"https:\/\/api.w.org\/{rel}","templated":true}]}}